{"id":40,"date":"2019-05-08T14:08:09","date_gmt":"2019-05-08T11:08:09","guid":{"rendered":"http:\/\/kumtepemakina.com\/?page_id=40"},"modified":"2019-05-08T14:33:04","modified_gmt":"2019-05-08T11:33:04","slug":"hakkimizda","status":"publish","type":"page","link":"http:\/\/kumtepemakina.com\/index.php\/hakkimizda\/","title":{"rendered":"Hakk\u0131m\u0131zda"},"content":{"rendered":"\n<p>Yenilik\u00e7i bir yap\u0131ya sahip olan <strong>Kumtepe makina<\/strong>, g\u00fc\u00e7l\u00fc AR-GE si , kaliteden taviz vermeyen yap\u0131s\u0131 ve kalifiye proje ekibi sayesinde sekt\u00f6r\u00fcn\u00fcn her zaman \u00f6n\u00fcnde olmu\u015ftur. \u00c7al\u0131\u015fmalar\u0131nda her zaman daha iyisini ve yenisini hedef edinen  <strong>Kumtepe makina<\/strong> , bu sayede m\u00fc\u015fterilerinin beklentileri kar\u015f\u0131layabilmekte ve %100 m\u00fc\u015fteri memnuniyetini sa\u011flayabilmektedir.<\/p>\n\n\n\n<p> <strong>Kumtepe makina<\/strong> , kalifiye proje ekibi ve geli\u015fmi\u015f \u00fcretim olanaklar\u0131 sayesinde, standart \u00fcr\u00fcn gam\u0131nda bulunan makinelerin yan\u0131nda sekt\u00f6r\u00fcn ve siz de\u011ferli m\u00fc\u015fterilerinizin gereksinimlerini dahilinde olu\u015fabilecek \u00f6zel makine,aparat,fikst\u00fcr imalatlar\u0131n\u0131 da \u00e7ok k\u0131sa s\u00fcrede projelendirip imalat\u0131n\u0131 ger\u00e7ekle\u015ftirme kabiliyetine sahiptir.<\/p>\n\n\n\n<p><strong>Misyonumuz<\/strong><\/p>\n\n\n\n<p>T\u00fcrkiye Makina sekt\u00f6r\u00fcnde \u00f6nc\u00fc bir kurulu\u015f olarak misyonumuz, m\u00fc\u015fteri beklentilerini tam olarak kar\u015f\u0131layabilen ve \u00fcr\u00fcn ve hizmetleri kaliteli ve zaman\u0131nda \u00fcretmek. \u00dcr\u00fcn ve hizmetlerimizi geli\u015ftirmek i\u00e7in sekt\u00f6r\u00fcm\u00fczdeki yenilik ve geli\u015fmeleri takip etmek.<\/p>\n\n\n\n<p><strong>Vizyonumuz<\/strong><\/p>\n\n\n\n<p>\u00d6zel makine, aparat, fikst\u00fcr sekt\u00f6r\u00fcnde y\u00fcksek teknolojili ve kaliteli \u00fcr\u00fcnleri ile an\u0131lan bir d\u00fcnya markas\u0131 olmak.<\/p>\n\n\n\n<p>Bunun i\u00e7in temel ald\u0131\u011f\u0131m\u0131z ilkeler;<\/p>\n\n\n\n<ul class=\"wp-block-list\"><li>En iyisi ve vazge\u00e7ilmez olmak,<\/li><li>G\u00fcvenilir ve d\u00fcr\u00fcs\u00fct olmak,<\/li><li>S\u00fcrekli iyile\u015ftirme yapmak<\/li><\/ul>\n","protected":false},"excerpt":{"rendered":"<p>Yenilik\u00e7i bir yap\u0131ya sahip olan Kumtepe makina, g\u00fc\u00e7l\u00fc AR-GE si , kaliteden taviz vermeyen yap\u0131s\u0131 ve kalifiye proje ekibi sayesinde sekt\u00f6r\u00fcn\u00fcn [&hellip;]<\/p>\n","protected":false},"author":1,"featured_media":0,"parent":0,"menu_order":0,"comment_status":"closed","ping_status":"closed","template":"","meta":{"spay_email":"","footnotes":""},"class_list":["post-40","page","type-page","status-publish","hentry"],"_links":{"self":[{"href":"http:\/\/kumtepemakina.com\/index.php\/wp-json\/wp\/v2\/pages\/40","targetHints":{"allow":["GET"]}}],"collection":[{"href":"http:\/\/kumtepemakina.com\/index.php\/wp-json\/wp\/v2\/pages"}],"about":[{"href":"http:\/\/kumtepemakina.com\/index.php\/wp-json\/wp\/v2\/types\/page"}],"author":[{"embeddable":true,"href":"http:\/\/kumtepemakina.com\/index.php\/wp-json\/wp\/v2\/users\/1"}],"replies":[{"embeddable":true,"href":"http:\/\/kumtepemakina.com\/index.php\/wp-json\/wp\/v2\/comments?post=40"}],"version-history":[{"count":2,"href":"http:\/\/kumtepemakina.com\/index.php\/wp-json\/wp\/v2\/pages\/40\/revisions"}],"predecessor-version":[{"id":51,"href":"http:\/\/kumtepemakina.com\/index.php\/wp-json\/wp\/v2\/pages\/40\/revisions\/51"}],"wp:attachment":[{"href":"http:\/\/kumtepemakina.com\/index.php\/wp-json\/wp\/v2\/media?parent=40"}],"curies":[{"name":"wp","href":"https:\/\/api.w.org\/{rel}","templated":true}]}}