{"id":38,"date":"2019-05-08T14:07:51","date_gmt":"2019-05-08T11:07:51","guid":{"rendered":"http:\/\/kumtepemakina.com\/?page_id=38"},"modified":"2020-11-11T20:56:37","modified_gmt":"2020-11-11T17:56:37","slug":"iletisim","status":"publish","type":"page","link":"http:\/\/kumtepemakina.com\/index.php\/iletisim\/","title":{"rendered":"\u0130leti\u015fim"},"content":{"rendered":"\n<p><strong>Adres:<\/strong> \u00dc\u00e7evler Mah. K\u00fc\u00e7\u00fck Sanayi Sitesi<\/p>\n\n\n\n<p>85. sokak 73. Blok No : 7   Nil\u00fcfer \/ BURSA \/ T\u00fcrkiye<\/p>\n\n\n\n<p><strong>Telefon :<\/strong> +90 224 411 01 05<\/p>\n\n\n\n<p><strong>Mobil :<\/strong> +90 532 724 63 88<\/p>\n\n\n\n<p><strong>Eposta:<\/strong> serkan@kumtepemakina.com<\/p>\n\n\n\n<p><strong>Nerdeyiz?<\/strong><\/p>\n\n\n\n<iframe loading=\"lazy\" src=\"https:\/\/www.google.com\/maps\/embed?pb=!1m18!1m12!1m3!1d538.6757910605673!2d28.939825125576434!3d40.20438166039322!2m3!1f0!2f0!3f0!3m2!1i1024!2i768!4f13.1!3m3!1m2!1s0x0%3A0x0!2zNDDCsDEyJzE1LjgiTiAyOMKwNTYnMjQuNSJF!5e0!3m2!1str!2str!4v1605117105361!5m2!1str!2str\" width=\"600\" height=\"450\" frameborder=\"0\" style=\"border:0;\" allowfullscreen=\"\" aria-hidden=\"false\" tabindex=\"0\"><\/iframe>\n\n\n<p><!--EndFragment--><\/p>\n\n\n<p><\/p>\n","protected":false},"excerpt":{"rendered":"<p>Adres: \u00dc\u00e7evler Mah. K\u00fc\u00e7\u00fck Sanayi Sitesi 85. sokak 73. Blok No : 7 Nil\u00fcfer \/ BURSA \/ T\u00fcrkiye Telefon : +90 [&hellip;]<\/p>\n","protected":false},"author":1,"featured_media":0,"parent":0,"menu_order":0,"comment_status":"closed","ping_status":"closed","template":"","meta":{"spay_email":"","footnotes":""},"class_list":["post-38","page","type-page","status-publish","hentry"],"_links":{"self":[{"href":"http:\/\/kumtepemakina.com\/index.php\/wp-json\/wp\/v2\/pages\/38","targetHints":{"allow":["GET"]}}],"collection":[{"href":"http:\/\/kumtepemakina.com\/index.php\/wp-json\/wp\/v2\/pages"}],"about":[{"href":"http:\/\/kumtepemakina.com\/index.php\/wp-json\/wp\/v2\/types\/page"}],"author":[{"embeddable":true,"href":"http:\/\/kumtepemakina.com\/index.php\/wp-json\/wp\/v2\/users\/1"}],"replies":[{"embeddable":true,"href":"http:\/\/kumtepemakina.com\/index.php\/wp-json\/wp\/v2\/comments?post=38"}],"version-history":[{"count":8,"href":"http:\/\/kumtepemakina.com\/index.php\/wp-json\/wp\/v2\/pages\/38\/revisions"}],"predecessor-version":[{"id":167,"href":"http:\/\/kumtepemakina.com\/index.php\/wp-json\/wp\/v2\/pages\/38\/revisions\/167"}],"wp:attachment":[{"href":"http:\/\/kumtepemakina.com\/index.php\/wp-json\/wp\/v2\/media?parent=38"}],"curies":[{"name":"wp","href":"https:\/\/api.w.org\/{rel}","templated":true}]}}